{"id":21,"date":"2014-05-19T15:02:41","date_gmt":"2014-05-19T11:02:41","guid":{"rendered":"http:\/\/armobeton.md\/?page_id=21"},"modified":"2020-12-17T15:49:00","modified_gmt":"2020-12-17T13:49:00","slug":"anunturi","status":"publish","type":"page","link":"https:\/\/armobeton.md\/?page_id=21","title":{"rendered":"Anunturi"},"content":{"rendered":"<p><span style=\"color: #3366ff;\">17.12.2020 <\/span>Compania ,,Armo-Beton\u2019\u2019 SRL a extins producerea, au fost fabricate primele traverse din beton armat pentru cai ferate. Traverse din beton armat &#8212; acestea sunt fascicule de beton armat cu sec\u021biune transversal\u0103 variabil\u0103, realizate cu arm\u0103tur\u0103 pre-tensionat\u0103 fiind preg\u0103tite pentru a\u0219ezarea \u0219inelor \u0219i av\u00eend g\u0103uri pentru \u0219uruburi pentru fixarea traversei de \u0219in\u0103.<\/p>\n<p>Relevan\u021ba acestor structuri se explic\u0103 printr-o serie de avantaje tehnice \u0219i opera\u021bionale, printre care:<\/p>\n<ul>\n<li>\n<p style=\"text-align: left;\">resurse opera\u021bionale lungi;<\/p>\n<\/li>\n<li style=\"text-align: left;\">indicatorii optimi de rezisten\u021b\u0103 la efectele negative ale factorilor de mediu;<\/li>\n<li style=\"text-align: left;\">rezistenta la stres mecanic;<\/li>\n<li style=\"text-align: left;\">nu este susceptibil\u0103 la putrezire pe \u00eentreaga durat\u0103 de via\u021b\u0103;<\/li>\n<li style=\"text-align: left;\">posibilitatea mont\u0103rii pe \u0219ine cu orice nivel de \u00eenc\u0103rcare;<\/li>\n<li style=\"text-align: left;\">pre\u021b relativ sc\u0103zut;<\/li>\n<li style=\"text-align: left;\">costurile minime necesare pentru \u00eentre\u021binere;<\/li>\n<li style=\"text-align: left;\">simplitatea mont\u0103rii \u0219i instal\u0103rii, \u00een compara\u021bie cu analogii din lemn;<\/li>\n<li>\n<p style=\"text-align: left;\">identitate absolut\u0103 a dimensiunilor \u0219i formelor, care garanteaz\u0103 u\u0219urin\u021ba de transport \u0219i expediere.<\/p>\n<p>ngg_shortcode_0_placeholder<\/li>\n<\/ul>\n<p><span style=\"color: #3366ff;\">07.09.2020 <\/span>Au fost finalizate lucr\u0103rile de reparat\u0326ie s\u0326i amenajare a stra\u0306zii Decebal din satul Bra\u0306ila, comuna Ba\u0306cioi, port\u0326iunea dintre str. Renas\u0326terii si str. Is\u0326nova\u0306t\u0326. Cu aceast\u0103 ocazie primarul comunei Bacioi, Leahu Ilie, adresez\u0103 mult\u0326umiri companiei SRL ,,Armo-Beton\u2019\u2019 pe pagina sa de facebook &#8212; <a href=\"https:\/\/www.facebook.com\/ilie.leahu1\/posts\/4343552195686576\">https:\/\/www.facebook.com\/ilie.leahu1\/posts\/4343552195686576<\/a> .<span style=\"color: #3366ff;\"><br \/>\n<\/span><\/p>\n<p><span style=\"color: #00ffff;\"><span style=\"color: #3366ff;\">19.01.2018<\/span>&nbsp;<\/span>&nbsp; &nbsp;<strong>Reorganiz\u0103rii societ\u0103\u021bii.<\/strong> Prin prezenta, administra\u021bia \u00eentreprinderii V\u0103 aduce la cuno\u0219tin\u021b\u0103 c\u0103 \u00een conformitate cu Decizia privind \u00eenregistrarea persoanei juridice \u00een rezultatul reorganiz\u0103rii prin transformare din data de 11.12.2017 emis\u0103 de c\u0103tre \u201dAgen\u021bia Servicii Publice\u201e Departamentul \u00eenregistrare \u0219i licen\u021biere a unit\u0103\u021bilor de drept \u0219i \u00een conformitate cu Procesul verbal nr. 02 al adun\u0103rii generale extraordinar\u0103 a ac\u021bionarilor SA \u201dArmo-Beton\u201e din 26.09.2017 referitor la aprobarea reorganiz\u0103rii societ\u0103\u021bii prin transformarea formei organizatorico-juridice din societate pe ac\u021biuni \u00een societate cu r\u0103spundere limitat\u0103, s-a decis persoana juridic\u0103 nou fondat\u0103 SRL \u201dArmo-Beton\u201e este succesor de drept \u0219i obliga\u021biuni a SA \u201dArmo-Beton\u201e Nr. 165060245 din 10.11.1997, \u00een baza actului de transfer din 26.09.2017.<\/p>\n<p><span style=\"color: #3366ff;\">29.07.2017<\/span> <strong>&nbsp;&nbsp;&nbsp;Dezmintire referitor la articolul aparut pe retelele de socializare publicat de catre Victor Cibotari care isi exprima opinia neinformat si incearca sa induca publicul \u00een eroare.<\/strong> \u00cen primul r\u00e2nd, por\u021biunea pe care ne-am angajat s-o repar\u0103m nu trebuia s\u0103 fie de 800 de metri. Conform caietului de sarcini aceasta constituie 1600 mp , ceea ce ar corespunde la o lungime de 400 metri, cu l\u0103\u021bimea de 4 metri. La etapa actual\u0103, lungimea e de 450 metri, \u0219i l\u0103\u021bimea de 4, 2 m. \u021ain\u00e2nd cont de specificul landsaftului, (coasta abrupta si foarte inclinata), pentru a garanta securitatea fluxului atat pe o directie, cat si pe cealalta am hotarat sa mai adaugam in l\u0103\u021bime. Asta n-a fost \u00een contract, nici nu s-a ad\u0103ugat cheltuielilor. Va fi un bonus din partea noastr\u0103. 0, 20 cm * 450 = 90 de metri patrati ca donatie. Construc\u021bia inca nu e finisata, e facuta partial, la fel ca si achitarea. Suma, conform licitatiei publice este 847 de mii de lei. Ne-au fost achitate pana acum circa 560 de mii(vezi foto 1 \u0219i 2) Deci, nu este finalizat. Fisurile dintre placi urmeaza a fi acoperite cu amestec uscat de ciment , iar intre rigol\u0103 si drum,ca hidroizolant, va fi turnata smoala topita, Aceste lucr\u0103ri de finisare,la a\u0219a tip de drum, se recomanda a fi facute dupa o perioad\u0103 de c\u00eeteva zile ca plita de drum sa se pozi\u021bioneze definitiv pe stratul de materiale inerte pe care este plasat\u0103 &nbsp;Ceea ce s-a intamplat acum,in urma ploilor toren\u021biale din ultimile zile si pina la finisarea lucraror suscitate, va fi inlaturat fara cheltuieli suplimentare. Ce \u021bine de afirma\u021bia D-lui Cibotari referitor la faptul ca tehnica si personalul a fost retras,confirmam faptul, \u00eens\u0103 aceasta a fost f\u0103cut deoarece \u201cArmo-Beton \u201cS.A. ,fiind unicul furnizor de piloni de electricitate \u0219i telecomunica\u021bii, activeaz\u0103 in regim special (conform ordinului intern) a fost repornit schimbul de noapte , pentru a complecta rezerva de stat de piloni,care o garanteaz\u0103 \u00eentreprinderea noastr\u0103, &nbsp;utilizat\u0103 in urma calamit\u0103\u021bilor naturale din aprilie si iunie curent,in urma carora au fost deteriorati mii de piloni pe \u00eentreg teritoriul \u021b\u0103rii si de a asigura cerin\u021ba crescut\u0103 de piloni , din acela\u0219i motiv, din partea principalilor consumatori. Acest fapt necesit\u0103 prezen\u021ba tuturor angajatilor in procesul de producere,inclusiv si acelor implica\u021bi in construc\u021bia de drumuri, este o m\u0103sur\u0103 temporar\u0103 f\u0103cut\u0103 cu anun\u021barea prealabil\u0103 a conducerii Raionului Rezina. Ne asum\u0103m r\u0103spunderea ca la atingerea obiectivelor sus mentionate , lucr\u0103rile de finalizare a drumului vor continua pina la darea lui in exploatare. Aceasta este planificat pentru 2-3 august curent. \u021ainem s\u0103 mai precizam ca drumul ,\u00een final va avea o lungime de circa 800m, dar &nbsp;va fi construit in doua etape, vor fi organizate 2 licitatii publice, dintre care prima licitatie a cistigat-o compania Armo-Beton S.A., iar a doua urmeaza a fi organizata abea pe 01.08.2017 ( vezi foto 3 \u0219i 4 ).Uzina are o istorie din 1959, lucreaza cu intreprinderi mari precum Union Fenosa, Red Nord,Red Nord-Vest, Moldelectrica, Moldtelecom, Agropiese TGR etc.si niciodata , pe parcursul istoriei sale , reputa\u021bia sa nu a fost pus\u0103 la \u00eendoial\u0103 dec\u00e2t in cazul Domnului Cibotari.<\/p>\n<p>\u00cen speran\u021ba c\u0103 am fost explici\u021bi \u00een r\u0103spunsuri \u0219i argumente, aducem sincere mul\u021bumiri celor ce au facut comentarii obiective si frumoase la publica\u021bia &nbsp;Domnului Cibotari, la fel si locuitorilor din Saharna care zilnic ne bucurau numai cu vorbe frumoase la ce facem, la cum era \u201cdrumul \u201c initial si cum devine, la fel si Administratiei Raionului Rezina pentru \u00eencrederea acordat\u0103 \u0219i ace\u0219tia sunt majoritatea absolut\u0103 iar la restul, care \u00eencearc\u0103 sa g\u0103seasc\u0103 numai negativul \u00een ceva pozitiv ( si ace\u0219tia sunt minoritatea absolut\u0103), le ur\u0103m s\u0103n\u0103tate si succese.<\/p>\n<p>Cu respect,<\/p>\n<p>Administra\u021bia \u201cArmo-Beton S.A.\u201d<\/p>\n<p><strong><a href=\"http:\/\/armobeton.md\/wp-content\/uploads\/2014\/05\/foto1.jpg\"><img loading=\"lazy\" decoding=\"async\" class=\"wp-image-288 size-full aligncenter\" src=\"http:\/\/armobeton.md\/wp-content\/uploads\/2014\/05\/foto1.jpg\" alt=\"\" width=\"880\" height=\"1280\" srcset=\"https:\/\/armobeton.md\/wp-content\/uploads\/2014\/05\/foto1.jpg 880w, https:\/\/armobeton.md\/wp-content\/uploads\/2014\/05\/foto1-206x300.jpg 206w, https:\/\/armobeton.md\/wp-content\/uploads\/2014\/05\/foto1-768x1117.jpg 768w, https:\/\/armobeton.md\/wp-content\/uploads\/2014\/05\/foto1-704x1024.jpg 704w\" sizes=\"auto, (max-width: 880px) 100vw, 880px\" \/><\/a><\/strong><\/p>\n<p style=\"text-align: center;\"><strong>Foto 1<\/strong><\/p>\n<p><a href=\"http:\/\/armobeton.md\/wp-content\/uploads\/2014\/05\/foto2.jpg\"><img loading=\"lazy\" decoding=\"async\" class=\"aligncenter wp-image-289 size-large\" src=\"http:\/\/armobeton.md\/wp-content\/uploads\/2014\/05\/foto2-1024x745.jpg\" alt=\"\" width=\"625\" height=\"455\" srcset=\"https:\/\/armobeton.md\/wp-content\/uploads\/2014\/05\/foto2-1024x745.jpg 1024w, https:\/\/armobeton.md\/wp-content\/uploads\/2014\/05\/foto2-300x218.jpg 300w, https:\/\/armobeton.md\/wp-content\/uploads\/2014\/05\/foto2-768x559.jpg 768w, https:\/\/armobeton.md\/wp-content\/uploads\/2014\/05\/foto2.jpg 1280w\" sizes=\"auto, (max-width: 625px) 100vw, 625px\" \/><\/a><\/p>\n<p style=\"text-align: center;\"><strong>Foto 2<\/strong><\/p>\n<p><a href=\"http:\/\/armobeton.md\/wp-content\/uploads\/2014\/05\/foto3.jpg\"><img loading=\"lazy\" decoding=\"async\" class=\"aligncenter wp-image-290 size-full\" src=\"http:\/\/armobeton.md\/wp-content\/uploads\/2014\/05\/foto3.jpg\" alt=\"\" width=\"857\" height=\"1280\" srcset=\"https:\/\/armobeton.md\/wp-content\/uploads\/2014\/05\/foto3.jpg 857w, https:\/\/armobeton.md\/wp-content\/uploads\/2014\/05\/foto3-201x300.jpg 201w, https:\/\/armobeton.md\/wp-content\/uploads\/2014\/05\/foto3-768x1147.jpg 768w, https:\/\/armobeton.md\/wp-content\/uploads\/2014\/05\/foto3-686x1024.jpg 686w\" sizes=\"auto, (max-width: 857px) 100vw, 857px\" \/><\/a><\/p>\n<p style=\"text-align: center;\"><strong>Foto 3<\/strong><\/p>\n<p><a href=\"http:\/\/armobeton.md\/wp-content\/uploads\/2014\/05\/foto4.jpg\"><img loading=\"lazy\" decoding=\"async\" class=\"aligncenter wp-image-291 size-full\" src=\"http:\/\/armobeton.md\/wp-content\/uploads\/2014\/05\/foto4.jpg\" alt=\"\" width=\"911\" height=\"1280\" srcset=\"https:\/\/armobeton.md\/wp-content\/uploads\/2014\/05\/foto4.jpg 911w, https:\/\/armobeton.md\/wp-content\/uploads\/2014\/05\/foto4-214x300.jpg 214w, https:\/\/armobeton.md\/wp-content\/uploads\/2014\/05\/foto4-768x1079.jpg 768w, https:\/\/armobeton.md\/wp-content\/uploads\/2014\/05\/foto4-729x1024.jpg 729w\" sizes=\"auto, (max-width: 911px) 100vw, 911px\" \/><\/a><\/p>\n<p style=\"text-align: center;\"><strong>Foto 4<\/strong><\/p>\n<p>&nbsp;<\/p>\n<p><span style=\"color: #3366ff;\">14.02.2017&nbsp;<\/span>&nbsp;<strong>SA \u201dArmo-Beton \u201d anun\u021b\u0103 organizarea concursului pentru selectarea furnizorului de materiale inerte: nisip, prundi\u0219, pietri\u0219 din calcar<\/strong>, conform urm\u0103torilor parametri:<br \/>\n-nisip pentru construc\u021bii, sp\u0103lat, clasa I, mediu sau m\u0103\u0219cat,radionuclizi A\u044d\u0444\u0444 p\u00een\u0103 la 300 bc\/kg.<br \/>\n&#8212; prundi\u0219 concasat, fr. 5-20 sau fr. 10-20, marca la rezisten\u021b\u0103&nbsp;\u2265 800, radionuclizi A\u044d\u0444\u0444 p\u00een\u0103 la 300 bc\/kg, granule concasate nu mai pu\u021bin de 80% dup\u0103 masa<br \/>\n-pietri\u0219 din calcar, fr. 5-20, marca la rezinsten\u021b\u0103&nbsp;\u2265 400,radionuclizi A\u044d\u0444\u0444 p\u00een\u0103 la 300 bc\/kg.<br \/>\nDoritorii de a participa la concurs vor prezenta ofertele p\u00een\u0103 la data de 28.02.2017 , la adresa mun. Chi\u0219in\u0103u, com. B\u0103cioi, str. Uzinei 8 sau po\u0219ta electronica&nbsp;<a href=\"https:\/\/e.mail.ru\/compose\/?mailto=mailto%3aarmo.beton@mail.ru.Pentru\" target=\"_blank\" rel=\"noopener noreferrer\" data-saferedirecturl=\"https:\/\/www.google.com\/url?hl=ru&amp;q=https:\/\/e.mail.ru\/compose\/?mailto%3Dmailto%253aarmo.beton@mail.ru.Pentru&amp;source=gmail&amp;ust=1487158812942000&amp;usg=AFQjCNG0wPtt47NaXTswXPG76TKo7oIbNw\">armo.beton@mail.ru.<\/a>&nbsp;Pentru&nbsp;informa\u021bii suplimentare contacta\u021bi la nr. de tel.: 022383221;022383981, 060823330.<\/p>\n<p>&nbsp;<\/p>\n<p><span style=\"color: #3366ff;\">13.02.2017&nbsp;<strong>&nbsp;<\/strong><\/span><strong>SA \u201dArmo-Beton \u201d anun\u021b\u0103 organizarea concursului pentru selectarea furnizorului de ciment.<\/strong> Doritorii de a participa la concurs vor prezenta ofertele p\u00een\u0103 la data de 27.02.2017 , la adresa mun. Chi\u0219in\u0103u, com. B\u0103cioi, str. Uzinei 8 sau po\u0219ta electronica&nbsp;<a href=\"mailto:armo.beton@mail.ru.Pentru\" target=\"_blank\" rel=\"noopener noreferrer\">armo.beton@mail.ru.<\/a>&nbsp;Pentru&nbsp;informa\u021bii suplimentare contacta\u021bi la nr. de tel.: 022383221;022383981, 060823330.<\/p>\n<p>&nbsp;<\/p>\n<p><span style=\"color: #3366ff;\">(2014)Termenul anuntului a expirat<\/span> <strong>Se anunta concurs pentru montarea acoperisului si invelirea lui cu foi de ardezie<\/strong><\/p>\n<p>Pentru a transmite ofertele sau pentru informatii adaugatoare gasiti contactele noastre in meniul Contacte<\/p>\n<p>&nbsp;<\/p>\n<p><span style=\"color: #3366ff;\">(2014)Termenul anuntului a expirat<\/span><strong> S.A. &#187; Armo Beton&#187; prezinta lista produselor, care se supun certificarii. Anuntam catre organizmele de certificare ca S.A. &#187; Armo Beton&#187; desfasoara concurs de analiza a ofertelor pentru certificarea produselor<\/strong><\/p>\n<p><a href=\"http:\/\/armobeton.md\/produse_certif.pdf\" target=\"_tab\" rel=\"noopener noreferrer\">Lista produselor pentru certificar<\/a> Pentru participare va rugam sa prezentati informatia solicitata mai jos: 1. Costul certificatului cu TVA 2. Costul evaluarii anuale pentru certificat cu TVA. 3. Richizitele organizmului 4. In procesul certificarii, acceptarea de catre organizmele de certificare a incercarilor petrecute in cadrul Laboratorului de incercari al S.A. &#187; Armo Beton&#187; care este acreditat conform domeniului. 5. Competenta organizmului de certificare sa acopere toata gama de produse S.A. &#187; Armo Beton&#187; 6. Copia certificatului de acreditare si domeniul 7. Lista clientilor.<\/p>\n<p>Va multumim pentru timpul acordat si asteptam ofertele dumneavoastra<\/p>\n<p>&nbsp;<\/p>\n<p><span style=\"color: #3366ff;\">(2013)Termenul anuntului a expirat <\/span><strong>SA&#187;ARMO-BETON&#187; are nevoie de servicii pentru reparatia transformatorului 630\/10 kVa<\/strong><\/p>\n<p>1. Garnitura de etansare situata deasupra \/sub izolator pe partea 0,4 kV 2. Garnitura de la vasul de expansiune 3. Garnitura kit de reparatie transformator 630 kva 4. Shift de intrare pe partea 0,4 kV<\/p>\n<p>&nbsp;<\/p>\n<p><span style=\"color: #3366ff;\">(2013)Termenul anuntului a expirat <\/span><strong>SA&#187;ARMO-BETON&#187; achizitioneaza colectoare solare pe apa<\/strong><\/p>\n<p>1. Volumul apei necesar -1 m3 2. Volumul apei necesar -0,4 m<\/p>\n<p>&nbsp;<\/p>\n<p><span style=\"color: #3366ff;\">(2013)Termenul anuntului a expirat <\/span><strong>SA &#171;Armo-Beton&#187; achizitioneza in baza de concurs urmatoarele materiale si servicii:- Servicii de transport;<\/strong><\/p>\n<p>&#8212; ciment M-500; M-400; &#8212; nisip spalat; &#8212; pietris fr. 5\/20 mm; &#8212; aditiv Dynamon NRG-1020; &#8212; armatura: O 12 A- III ; O 14 At-1000 lung- 10 950 mm; O 10 At-1000 lung- 9 950 mm; O 12 At- 800 lung- 7 950 mm; O 8 At; O 10 At; O 16 ; O 12 At; &#8212; sirma arsa O 1,2 mm; &#8212; sirma O 4 mm vr; &#8212; sirma O 5 mm vr; &#8212; ulei M; -crug O 1A AI; -catanca O 5,5 A-I; O 6,0 A-I; -electrozi O 5 mm; -masti pentru sudare; -manusi; -sapun; -echipament pentru muncitori; -incaltaminte pentru muncitori. -servicii de transport Pentru participare solicitam oferta comerciala in plic sigilat care va contine urmatoarele date despre participant: 1. Informatia generala despre participant. 2. Cererea de participare. 3. Conditiile de achitare. 4. Termenii si conditiile de livrare. 5. Licenta de activitate. 6. Copiile certificatelor de inregistrare a intreprinderii. 7. Copia certificatului de atribuire a codului TVA. 8. Copiile certificatelor de conformitate si calitate. 9. Certificat de la Serviciul Fiscal privind lipsa sau existenta datoriilor fata de bugetul de Stat. 10. Ultimul raport statistic.<\/p>\n<p>&nbsp;<\/p>\n","protected":false},"excerpt":{"rendered":"<p>17.12.2020 Compania ,,Armo-Beton\u2019\u2019 SRL a extins producerea, au fost fabricate primele traverse din beton armat pentru cai ferate. Traverse din beton armat &#8212; acestea sunt fascicule de beton armat cu sec\u021biune transversal\u0103 variabil\u0103, realizate cu arm\u0103tur\u0103 pre-tensionat\u0103 fiind preg\u0103tite pentru a\u0219ezarea \u0219inelor \u0219i av\u00eend g\u0103uri pentru \u0219uruburi pentru fixarea traversei de \u0219in\u0103. Relevan\u021ba acestor structuri [&hellip;]<\/p>\n","protected":false},"author":1,"featured_media":0,"parent":0,"menu_order":0,"comment_status":"open","ping_status":"open","template":"","meta":{"ngg_post_thumbnail":0,"footnotes":""},"class_list":["post-21","page","type-page","status-publish","hentry"],"_links":{"self":[{"href":"https:\/\/armobeton.md\/index.php?rest_route=\/wp\/v2\/pages\/21","targetHints":{"allow":["GET"]}}],"collection":[{"href":"https:\/\/armobeton.md\/index.php?rest_route=\/wp\/v2\/pages"}],"about":[{"href":"https:\/\/armobeton.md\/index.php?rest_route=\/wp\/v2\/types\/page"}],"author":[{"embeddable":true,"href":"https:\/\/armobeton.md\/index.php?rest_route=\/wp\/v2\/users\/1"}],"replies":[{"embeddable":true,"href":"https:\/\/armobeton.md\/index.php?rest_route=%2Fwp%2Fv2%2Fcomments&post=21"}],"version-history":[{"count":28,"href":"https:\/\/armobeton.md\/index.php?rest_route=\/wp\/v2\/pages\/21\/revisions"}],"predecessor-version":[{"id":564,"href":"https:\/\/armobeton.md\/index.php?rest_route=\/wp\/v2\/pages\/21\/revisions\/564"}],"wp:attachment":[{"href":"https:\/\/armobeton.md\/index.php?rest_route=%2Fwp%2Fv2%2Fmedia&parent=21"}],"curies":[{"name":"wp","href":"https:\/\/api.w.org\/{rel}","templated":true}]}}