{"id":2,"date":"2014-05-19T09:59:18","date_gmt":"2014-05-19T09:59:18","guid":{"rendered":"http:\/\/armobeton.md\/?page_id=2"},"modified":"2024-10-22T13:36:02","modified_gmt":"2024-10-22T11:36:02","slug":"sample-page","status":"publish","type":"page","link":"https:\/\/armobeton.md\/","title":{"rendered":"Despre noi"},"content":{"rendered":"\n<p><strong>Armo-Beton<\/strong> <strong>SRL<\/strong> este o intreprindere cu o bogat\u0103 experien\u0163\u0103 \u00een fabricarea betoanelor, elementelor din beton \u015fi beton armat, orientata catre client. Obiectivul primordial este de a satisface cerintele clientilor si a asteptarilor lor.<\/p>\n\n\n\n<p>Sistemul de Management al Calitatii implementat la <strong>Armo-Beton SRL<\/strong> conform ISO 9001:2015 este certificat de Organismul de Certificare Sisteme de Management din cadrul SGS, acreditat de Organismul National de Acreditare UKAS din Regatul Unit semnatar IAF-MLA. <a href=\"http:\/\/armobeton.md\/wp-content\/uploads\/2024\/02\/MD1CH_005855_SM-SR-EN-ISO-9001-20015-scaled.jpg\" data-type=\"link\" data-id=\"http:\/\/armobeton.md\/wp-content\/uploads\/2024\/02\/MD1CH_005855_SM-SR-EN-ISO-9001-20015-scaled.jpg\" target=\"_blank\" rel=\"noreferrer noopener\">Acceseaz\u0103 certificatul<\/a><\/p>\n\n\n\n<p><strong>Laboratorul de Incercari <\/strong>din cadrul<strong> Armo-Beton SRL <\/strong>este acreditat conform SM EN ISO\/IEC 17025:2018 de catre Organismul National de Acreditare MOLDAC, semnatar EA-MLA si ILAC-MRA. <a href=\"http:\/\/armobeton.md\/wp-content\/uploads\/2024\/10\/Certificat-de-acreditare.pdf\" data-type=\"link\" data-id=\"http:\/\/armobeton.md\/wp-content\/uploads\/2024\/02\/Certificat-acreditare-MOLDAC-scaled.jpg\" target=\"_blank\" rel=\"noreferrer noopener\">Acceseaz\u0103 certificatul<\/a><\/p>\n\n\n\n<p><strong>Armo-Beton SRL<\/strong> \u00eembun\u0103t\u0103\u0163e\u015fte permanent calitatea produselor si serviciilor pe care le furnizeaz\u0103 prin:<\/p>\n\n\n\n<ul class=\"wp-block-list\">\n<li>Identificarea cerin\u0163elor si asteptarilor clien\u0163ilor \u015fi evaluarea nivelului de satisfacere a acestora.<\/li>\n\n\n\n<li>Respectarea cerin\u0163elor legale \u015fi a celor reglementate aplicabile pentru produsele si serviciile furnizate clientilor.<\/li>\n\n\n\n<li>Indeplinirea Obiectivelor referitoare la calitate.<\/li>\n\n\n\n<li>Abordarea pe baza de proces si gandirea pe baza de risc.<\/li>\n\n\n\n<li>Determinarea proceselor necesare, succesiunea si interactiunea lor.<\/li>\n\n\n\n<li>Luarea in considerare a proceselor din punct de vedere al valorii adaugate.<\/li>\n\n\n\n<li>Definirea parametrilor de monitorizare a proceselor si materialelor aprovizionate, semifabricatelor si produselor finite.<\/li>\n\n\n\n<li>Dezvoltarea \u015fi implementarea oportunitatilor de \u00eembun\u0103t\u0103\u0163ire a Sistemului de Management al Calit\u0103\u0163ii.<\/li>\n\n\n\n<li>Evaluarea \u015fi instruirea continu\u0103 a personalului implicat \u00een procesele Sistemului de Management al Calitatii.<\/li>\n<\/ul>\n\n\n\n<p><strong>Armo-Beton SRL <\/strong>se preocup\u0103 permanent de satisfacerea cerin\u0163elor \u015fi a\u015ftept\u0103rilor p\u0103r\u0163ilor interesate prin analizarea \u00een mod constant a feedback-ului primit de la ace\u015ftia.<\/p>\n","protected":false},"excerpt":{"rendered":"<p>Armo-Beton SRL este o intreprindere cu o bogat\u0103 experien\u0163\u0103 \u00een fabricarea betoanelor, elementelor din beton \u015fi beton armat, orientata catre client. Obiectivul primordial este de a satisface cerintele clientilor si a asteptarilor lor. Sistemul de Management al Calitatii implementat la Armo-Beton SRL conform ISO 9001:2015 este certificat de Organismul de Certificare Sisteme de Management din [&hellip;]<\/p>\n","protected":false},"author":1,"featured_media":0,"parent":0,"menu_order":0,"comment_status":"closed","ping_status":"open","template":"","meta":{"ngg_post_thumbnail":0,"footnotes":""},"class_list":["post-2","page","type-page","status-publish","hentry"],"_links":{"self":[{"href":"https:\/\/armobeton.md\/index.php?rest_route=\/wp\/v2\/pages\/2","targetHints":{"allow":["GET"]}}],"collection":[{"href":"https:\/\/armobeton.md\/index.php?rest_route=\/wp\/v2\/pages"}],"about":[{"href":"https:\/\/armobeton.md\/index.php?rest_route=\/wp\/v2\/types\/page"}],"author":[{"embeddable":true,"href":"https:\/\/armobeton.md\/index.php?rest_route=\/wp\/v2\/users\/1"}],"replies":[{"embeddable":true,"href":"https:\/\/armobeton.md\/index.php?rest_route=%2Fwp%2Fv2%2Fcomments&post=2"}],"version-history":[{"count":26,"href":"https:\/\/armobeton.md\/index.php?rest_route=\/wp\/v2\/pages\/2\/revisions"}],"predecessor-version":[{"id":695,"href":"https:\/\/armobeton.md\/index.php?rest_route=\/wp\/v2\/pages\/2\/revisions\/695"}],"wp:attachment":[{"href":"https:\/\/armobeton.md\/index.php?rest_route=%2Fwp%2Fv2%2Fmedia&parent=2"}],"curies":[{"name":"wp","href":"https:\/\/api.w.org\/{rel}","templated":true}]}}